{"id":1244,"date":"2020-10-16T17:47:05","date_gmt":"2020-10-16T15:47:05","guid":{"rendered":"https:\/\/www.domainedeshoms.com\/?page_id=1244"},"modified":"2023-05-10T09:43:54","modified_gmt":"2023-05-10T07:43:54","slug":"clots-de-pals-rose","status":"publish","type":"page","link":"https:\/\/www.domainedeshoms.com\/en\/our-wines\/clots-de-pals-rose\/","title":{"rendered":"Clots de Pals &#8211; Ros\u00e9"},"content":{"rendered":"<div class=\"wpb-content-wrapper\"><p>[vc_row type=&#8221;full-width-section&#8221; css=&#8221;.vc_custom_1583401464218{padding-top: 100px !important;padding-bottom: 100px !important;background-image: url(https:\/\/www.domainedeshoms.com\/wp-content\/uploads\/2020\/02\/couverture_rose.jpg?id=247) !important;}&#8221;][vc_column][vc_column_text el_class=&#8221;titleh1white&#8221;]<\/p>\n<h1 style=\"text-align: center;\">Clots de Pals &#8211; Ros\u00e9<\/h1>\n<p>[\/vc_column_text][\/vc_column][\/vc_row][vc_row content_placement=&#8221;middle&#8221;][vc_column width=&#8221;1\/2&#8243;][vc_single_image image=&#8221;603&#8243; img_size=&#8221;full&#8221;][\/vc_column][vc_column width=&#8221;1\/2&#8243;][vc_column_text el_class=&#8221;goldtitle titlevin&#8221; css=&#8221;.vc_custom_1601805571673{margin-bottom: 0px !important;}&#8221;]<\/p>\n<h2>Clots de Pals &#8211; Ros\u00e9<\/h2>\n<p>[\/vc_column_text]<style type=\"text\/css\" >#l_29jkzhz3ge91jo3qgxgp{width:150px;}#l_29jkzhz3ge91jo3qgxgp.sc_line ,#l_29jkzhz3ge91jo3qgxgp .sc_line { height:1px; background:#b18b4e;}#l_29jkzhz3ge91jo3qgxgp {margin:16px 0 16px 0; padding:0;}<\/style><div class=\"clearfix\"><\/div><div id=\"l_29jkzhz3ge91jo3qgxgp\"  class=\"sc_line rd_line_normal\" ><\/div>[vc_column_text el_class=&#8221;igp&#8221;]Ros\u00e9 AOC Minervois[\/vc_column_text][vc_column_text css=&#8221;.vc_custom_1602863152791{padding-top: 40px !important;padding-bottom: 40px !important;padding-left: 32px !important;background-color: #f4f4f4 !important;}&#8221; el_class=&#8221;greydesc&#8221;]<span class=\"keepbluep\"><strong><img loading=\"lazy\" decoding=\"async\" class=\"alignright wp-image-968\" src=\"https:\/\/www.domainedeshoms.com\/wp-content\/uploads\/2020\/07\/1200px-AB.svg-150x150.png\" alt=\"\" width=\"76\" height=\"76\" srcset=\"https:\/\/www.domainedeshoms.com\/wp-content\/uploads\/2020\/07\/1200px-AB.svg-150x150.png 150w, https:\/\/www.domainedeshoms.com\/wp-content\/uploads\/2020\/07\/1200px-AB.svg-768x768.png 768w, https:\/\/www.domainedeshoms.com\/wp-content\/uploads\/2020\/07\/1200px-AB.svg-570x570.png 570w\" sizes=\"auto, (max-width: 76px) 100vw, 76px\" \/>DESCRIPTION<\/strong><\/span><\/p>\n<p><strong>Appellation<\/strong> : AOC Minervois<br \/>\n<strong>Site<\/strong> : A parcel of the Domaine on the lieu-dit \u00ab\u00a0L\u2019Amandier\u00a0\u00bb<br \/>\n<strong>Soil <\/strong>: Very stony terrace, quartzite and sandstone.<br \/>\n<strong>Grape<\/strong> : 50% Cinsault, 40% grenache noir, 10% grenache gris<br \/>\n<strong>Harvest<\/strong> : 42 hl\/ha<br \/>\n<strong>Age of the parcel<\/strong>\u00a0: 10 years<br \/>\n<strong>Conduite du vignoble<\/strong> : Agriculture biologique certifi\u00e9<br \/>\nEcocert.<br \/>\n<strong>Viticulture<\/strong>\u00a0: Certified Organic ECOCERT<br \/>\n<strong>Vinification<\/strong> : Harvest destemmed, no sulfite, indigenous yeast, traditional vinification, rigorous temperature control.<br \/>\n<strong>Ageing<\/strong>\u00a0: 5 months in tank<br \/>\n<strong>Ageability<\/strong>\u00a0: Consume within 2-3 years<br \/>\n<strong>Ageability<\/strong>\u00a0: Consume within 2-3 years<br \/>\n<strong>Wine Pairing<\/strong>\u00a0: As an aperitif with tapas, all grilled meats and mixed salads.[\/vc_column_text][vc_column_text el_class=&#8221;goldlink&#8221; css=&#8221;.vc_custom_1683704632822{margin-bottom: 10px !important;}&#8221;]<a href=\"https:\/\/www.domainedeshoms.com\/wp-content\/uploads\/2020\/03\/Domaine-des-Homs-Clos-de-Pals-rose%CC%81.pdf\" target=\"_blank\" rel=\"noopener noreferrer\">\u00bb <\/a><a href=\"https:\/\/www.domainedeshoms.com\/wp-content\/uploads\/2020\/02\/FTCHARDONNAY.pdf\">Download the product sheet<\/a>[\/vc_column_text][vc_column_text el_class=&#8221;goldlink&#8221; css=&#8221;.vc_custom_1683704617049{margin-bottom: 10px !important;}&#8221;]<a href=\"https:\/\/www.domainedeshoms.com\/wp-content\/uploads\/2020\/05\/TARIF-Domaine-des-HOMS-FRANCO-2020.pdf\" target=\"_blank\" rel=\"noopener noreferrer\">\u00bb <\/a><a href=\"https:\/\/www.domainedeshoms.com\/wp-content\/uploads\/2020\/05\/TARIF-Domaine-des-HOMS-FRANCO-2020.pdf\" target=\"_blank\" rel=\"noopener noreferrer\">Download the Order Form<\/a>[\/vc_column_text][vc_column_text el_class=&#8221;goldlink&#8221;]<a href=\"https:\/\/www.domainedeshoms.com\/wp-content\/uploads\/2023\/05\/HOMS-CLOTS-DE-PALS-AOP-Minervois-Rose-2022.pdf\" target=\"_blank\" rel=\"noopener noreferrer\">\u00bb <\/a><a href=\"https:\/\/www.domainedeshoms.com\/wp-content\/uploads\/2023\/05\/HOMS-IGP-Pays-d\u2032Oc-Blanc-2022-Chardonnay.pdf\" target=\"_blank\" rel=\"noopener\">Download analysis<\/a>[\/vc_column_text]<style type=\"text\/css\" >#b_acsp8w8okuc4gqni2lze a{color:#ffffff; background:#b18b4e; margin-top:0px; margin-bottom:0px;  margin-left:0px; margin-right:0px; font-weight:900; border-radius:0px;}#b_acsp8w8okuc4gqni2lze a:hover{color: ; background: ;}<\/style><div class=\"ta_left tf_btn_pos\" id=\"b_acsp8w8okuc4gqni2lze\" ><a class=\"rd_normal_bt medium_rd_bt  \" href=\"https:\/\/www.domainedeshoms.com\/en\/trouver-nos-vins\/\" target=\"\"   >FIND OUR WINE<\/a><\/div>[\/vc_column][\/vc_row][vc_row][vc_column][\/vc_column][\/vc_row]<\/p>\n<\/div>","protected":false},"excerpt":{"rendered":"<p>[vc_row type=&#8221;full-width-section&#8221; css=&#8221;.vc_custom_1583401464218{padding-top: 100px !important;padding-bottom: 100px !important;background-image: url(https:\/\/www.domainedeshoms.com\/wp-content\/uploads\/2020\/02\/couverture_rose.jpg?id=247) !important;}&#8221;][vc_column][vc_column_text el_class=&#8221;titleh1white&#8221;] Clots de Pals &#8211; Ros\u00e9 [\/vc_column_text][\/vc_column][\/vc_row][vc_row content_placement=&#8221;middle&#8221;][vc_column width=&#8221;1\/2&#8243;][vc_single_image image=&#8221;603&#8243; img_size=&#8221;full&#8221;][\/vc_column][vc_column width=&#8221;1\/2&#8243;][vc_column_text el_class=&#8221;goldtitle titlevin&#8221; css=&#8221;.vc_custom_1601805571673{margin-bottom: 0px !important;}&#8221;] Clots de Pals &#8211; Ros\u00e9 [\/vc_column_text][vc_column_text el_class=&#8221;igp&#8221;]Ros\u00e9 AOC Minervois[\/vc_column_text][vc_column_text css=&#8221;.vc_custom_1602863152791{padding-top: 40px !important;padding-bottom: 40px !important;padding-left: 32px !important;background-color: #f4f4f4 !important;}&#8221; el_class=&#8221;greydesc&#8221;]DESCRIPTION Appellation : AOC Minervois Site : A parcel of the<br \/><a href=\"https:\/\/www.domainedeshoms.com\/en\/our-wines\/clots-de-pals-rose\/\" class=\"more\">Read more<\/a><\/p>\n","protected":false},"author":1,"featured_media":0,"parent":1205,"menu_order":0,"comment_status":"closed","ping_status":"closed","template":"","meta":{"inline_featured_image":false,"footnotes":""},"class_list":["post-1244","page","type-page","status-publish","hentry"],"yoast_head":"<!-- This site is optimized with the Yoast SEO plugin v27.4 - https:\/\/yoast.com\/product\/yoast-seo-wordpress\/ -->\n<title>Clots de Pals - Ros\u00e9 - Domaine des Homs<\/title>\n<meta name=\"description\" content=\"Clots de Pals - Ros\u00e9 Clots de Pals - Ros\u00e9 Ros\u00e9 AOC MinervoisDESCRIPTION Appellation : AOC Minervois Site : A parcel of the Domaine on the lieu-dit Clots de Pals - Ros\u00e9, Vins du Minervois Bio, Domaine des Homs\" \/>\n<meta name=\"robots\" content=\"index, follow, max-snippet:-1, max-image-preview:large, max-video-preview:-1\" \/>\n<link rel=\"canonical\" href=\"https:\/\/www.domainedeshoms.com\/en\/our-wines\/clots-de-pals-rose\/\" \/>\n<meta property=\"og:locale\" content=\"en_US\" \/>\n<meta property=\"og:type\" content=\"article\" \/>\n<meta property=\"og:title\" content=\"Clots de Pals - Ros\u00e9 - Domaine des Homs\" \/>\n<meta property=\"og:description\" content=\"Clots de Pals - Ros\u00e9 Clots de Pals - Ros\u00e9 Ros\u00e9 AOC MinervoisDESCRIPTION Appellation : AOC Minervois Site : A parcel of the Domaine on the lieu-dit Clots de Pals - Ros\u00e9, Vins du Minervois Bio, Domaine des Homs\" \/>\n<meta property=\"og:url\" content=\"https:\/\/www.domainedeshoms.com\/en\/our-wines\/clots-de-pals-rose\/\" \/>\n<meta property=\"og:site_name\" content=\"Domaine des Homs\" \/>\n<meta property=\"article:publisher\" content=\"https:\/\/www.facebook.com\/DomaineDesHoms\/\" \/>\n<meta property=\"article:modified_time\" content=\"2023-05-10T07:43:54+00:00\" \/>\n<meta property=\"og:image\" content=\"https:\/\/www.domainedeshoms.com\/wp-content\/uploads\/2020\/07\/1200px-AB.svg-150x150.png\" \/>\n<meta name=\"twitter:card\" content=\"summary_large_image\" \/>\n<meta name=\"twitter:label1\" content=\"Est. reading time\" \/>\n\t<meta name=\"twitter:data1\" content=\"2 minutes\" \/>\n<script type=\"application\/ld+json\" class=\"yoast-schema-graph\">{\"@context\":\"https:\\\/\\\/schema.org\",\"@graph\":[{\"@type\":\"WebPage\",\"@id\":\"https:\\\/\\\/www.domainedeshoms.com\\\/en\\\/our-wines\\\/clots-de-pals-rose\\\/\",\"url\":\"https:\\\/\\\/www.domainedeshoms.com\\\/en\\\/our-wines\\\/clots-de-pals-rose\\\/\",\"name\":\"Clots de Pals - Ros\u00e9 - Domaine des Homs\",\"isPartOf\":{\"@id\":\"https:\\\/\\\/www.domainedeshoms.com\\\/en\\\/#website\"},\"primaryImageOfPage\":{\"@id\":\"https:\\\/\\\/www.domainedeshoms.com\\\/en\\\/our-wines\\\/clots-de-pals-rose\\\/#primaryimage\"},\"image\":{\"@id\":\"https:\\\/\\\/www.domainedeshoms.com\\\/en\\\/our-wines\\\/clots-de-pals-rose\\\/#primaryimage\"},\"thumbnailUrl\":\"https:\\\/\\\/www.domainedeshoms.com\\\/wp-content\\\/uploads\\\/2020\\\/07\\\/1200px-AB.svg-150x150.png\",\"datePublished\":\"2020-10-16T15:47:05+00:00\",\"dateModified\":\"2023-05-10T07:43:54+00:00\",\"description\":\"Clots de Pals - Ros\u00e9 Clots de Pals - Ros\u00e9 Ros\u00e9 AOC MinervoisDESCRIPTION Appellation : AOC Minervois Site : A parcel of the Domaine on the lieu-dit Clots de Pals - Ros\u00e9, Vins du Minervois Bio, Domaine des Homs\",\"breadcrumb\":{\"@id\":\"https:\\\/\\\/www.domainedeshoms.com\\\/en\\\/our-wines\\\/clots-de-pals-rose\\\/#breadcrumb\"},\"inLanguage\":\"en-US\",\"potentialAction\":[{\"@type\":\"ReadAction\",\"target\":[\"https:\\\/\\\/www.domainedeshoms.com\\\/en\\\/our-wines\\\/clots-de-pals-rose\\\/\"]}]},{\"@type\":\"ImageObject\",\"inLanguage\":\"en-US\",\"@id\":\"https:\\\/\\\/www.domainedeshoms.com\\\/en\\\/our-wines\\\/clots-de-pals-rose\\\/#primaryimage\",\"url\":\"https:\\\/\\\/www.domainedeshoms.com\\\/wp-content\\\/uploads\\\/2020\\\/07\\\/1200px-AB.svg-150x150.png\",\"contentUrl\":\"https:\\\/\\\/www.domainedeshoms.com\\\/wp-content\\\/uploads\\\/2020\\\/07\\\/1200px-AB.svg-150x150.png\"},{\"@type\":\"BreadcrumbList\",\"@id\":\"https:\\\/\\\/www.domainedeshoms.com\\\/en\\\/our-wines\\\/clots-de-pals-rose\\\/#breadcrumb\",\"itemListElement\":[{\"@type\":\"ListItem\",\"position\":1,\"name\":\"Accueil\",\"item\":\"https:\\\/\\\/www.domainedeshoms.com\\\/en\\\/\"},{\"@type\":\"ListItem\",\"position\":2,\"name\":\"Our Wines\",\"item\":\"https:\\\/\\\/www.domainedeshoms.com\\\/en\\\/our-wines\\\/\"},{\"@type\":\"ListItem\",\"position\":3,\"name\":\"Clots de Pals &#8211; Ros\u00e9\"}]},{\"@type\":\"WebSite\",\"@id\":\"https:\\\/\\\/www.domainedeshoms.com\\\/en\\\/#website\",\"url\":\"https:\\\/\\\/www.domainedeshoms.com\\\/en\\\/\",\"name\":\"Domaine des Homs\",\"description\":\"Vins du Minervois Bio\",\"publisher\":{\"@id\":\"https:\\\/\\\/www.domainedeshoms.com\\\/en\\\/#organization\"},\"potentialAction\":[{\"@type\":\"SearchAction\",\"target\":{\"@type\":\"EntryPoint\",\"urlTemplate\":\"https:\\\/\\\/www.domainedeshoms.com\\\/en\\\/?s={search_term_string}\"},\"query-input\":{\"@type\":\"PropertyValueSpecification\",\"valueRequired\":true,\"valueName\":\"search_term_string\"}}],\"inLanguage\":\"en-US\"},{\"@type\":\"Organization\",\"@id\":\"https:\\\/\\\/www.domainedeshoms.com\\\/en\\\/#organization\",\"name\":\"Domaine des Homs\",\"url\":\"https:\\\/\\\/www.domainedeshoms.com\\\/en\\\/\",\"logo\":{\"@type\":\"ImageObject\",\"inLanguage\":\"en-US\",\"@id\":\"https:\\\/\\\/www.domainedeshoms.com\\\/en\\\/#\\\/schema\\\/logo\\\/image\\\/\",\"url\":\"https:\\\/\\\/www.domainedeshoms.com\\\/wp-content\\\/uploads\\\/2020\\\/02\\\/Badge_domaine_des_homs.png\",\"contentUrl\":\"https:\\\/\\\/www.domainedeshoms.com\\\/wp-content\\\/uploads\\\/2020\\\/02\\\/Badge_domaine_des_homs.png\",\"width\":169,\"height\":170,\"caption\":\"Domaine des Homs\"},\"image\":{\"@id\":\"https:\\\/\\\/www.domainedeshoms.com\\\/en\\\/#\\\/schema\\\/logo\\\/image\\\/\"},\"sameAs\":[\"https:\\\/\\\/www.facebook.com\\\/DomaineDesHoms\\\/\"]}]}<\/script>\n<!-- \/ Yoast SEO plugin. -->","yoast_head_json":{"title":"Clots de Pals - Ros\u00e9 - Domaine des Homs","description":"Clots de Pals - Ros\u00e9 Clots de Pals - Ros\u00e9 Ros\u00e9 AOC MinervoisDESCRIPTION Appellation : AOC Minervois Site : A parcel of the Domaine on the lieu-dit Clots de Pals - Ros\u00e9, Vins du Minervois Bio, Domaine des Homs","robots":{"index":"index","follow":"follow","max-snippet":"max-snippet:-1","max-image-preview":"max-image-preview:large","max-video-preview":"max-video-preview:-1"},"canonical":"https:\/\/www.domainedeshoms.com\/en\/our-wines\/clots-de-pals-rose\/","og_locale":"en_US","og_type":"article","og_title":"Clots de Pals - Ros\u00e9 - Domaine des Homs","og_description":"Clots de Pals - Ros\u00e9 Clots de Pals - Ros\u00e9 Ros\u00e9 AOC MinervoisDESCRIPTION Appellation : AOC Minervois Site : A parcel of the Domaine on the lieu-dit Clots de Pals - Ros\u00e9, Vins du Minervois Bio, Domaine des Homs","og_url":"https:\/\/www.domainedeshoms.com\/en\/our-wines\/clots-de-pals-rose\/","og_site_name":"Domaine des Homs","article_publisher":"https:\/\/www.facebook.com\/DomaineDesHoms\/","article_modified_time":"2023-05-10T07:43:54+00:00","og_image":[{"url":"https:\/\/www.domainedeshoms.com\/wp-content\/uploads\/2020\/07\/1200px-AB.svg-150x150.png","type":"","width":"","height":""}],"twitter_card":"summary_large_image","twitter_misc":{"Est. reading time":"2 minutes"},"schema":{"@context":"https:\/\/schema.org","@graph":[{"@type":"WebPage","@id":"https:\/\/www.domainedeshoms.com\/en\/our-wines\/clots-de-pals-rose\/","url":"https:\/\/www.domainedeshoms.com\/en\/our-wines\/clots-de-pals-rose\/","name":"Clots de Pals - Ros\u00e9 - Domaine des Homs","isPartOf":{"@id":"https:\/\/www.domainedeshoms.com\/en\/#website"},"primaryImageOfPage":{"@id":"https:\/\/www.domainedeshoms.com\/en\/our-wines\/clots-de-pals-rose\/#primaryimage"},"image":{"@id":"https:\/\/www.domainedeshoms.com\/en\/our-wines\/clots-de-pals-rose\/#primaryimage"},"thumbnailUrl":"https:\/\/www.domainedeshoms.com\/wp-content\/uploads\/2020\/07\/1200px-AB.svg-150x150.png","datePublished":"2020-10-16T15:47:05+00:00","dateModified":"2023-05-10T07:43:54+00:00","description":"Clots de Pals - Ros\u00e9 Clots de Pals - Ros\u00e9 Ros\u00e9 AOC MinervoisDESCRIPTION Appellation : AOC Minervois Site : A parcel of the Domaine on the lieu-dit Clots de Pals - Ros\u00e9, Vins du Minervois Bio, Domaine des Homs","breadcrumb":{"@id":"https:\/\/www.domainedeshoms.com\/en\/our-wines\/clots-de-pals-rose\/#breadcrumb"},"inLanguage":"en-US","potentialAction":[{"@type":"ReadAction","target":["https:\/\/www.domainedeshoms.com\/en\/our-wines\/clots-de-pals-rose\/"]}]},{"@type":"ImageObject","inLanguage":"en-US","@id":"https:\/\/www.domainedeshoms.com\/en\/our-wines\/clots-de-pals-rose\/#primaryimage","url":"https:\/\/www.domainedeshoms.com\/wp-content\/uploads\/2020\/07\/1200px-AB.svg-150x150.png","contentUrl":"https:\/\/www.domainedeshoms.com\/wp-content\/uploads\/2020\/07\/1200px-AB.svg-150x150.png"},{"@type":"BreadcrumbList","@id":"https:\/\/www.domainedeshoms.com\/en\/our-wines\/clots-de-pals-rose\/#breadcrumb","itemListElement":[{"@type":"ListItem","position":1,"name":"Accueil","item":"https:\/\/www.domainedeshoms.com\/en\/"},{"@type":"ListItem","position":2,"name":"Our Wines","item":"https:\/\/www.domainedeshoms.com\/en\/our-wines\/"},{"@type":"ListItem","position":3,"name":"Clots de Pals &#8211; Ros\u00e9"}]},{"@type":"WebSite","@id":"https:\/\/www.domainedeshoms.com\/en\/#website","url":"https:\/\/www.domainedeshoms.com\/en\/","name":"Domaine des Homs","description":"Vins du Minervois Bio","publisher":{"@id":"https:\/\/www.domainedeshoms.com\/en\/#organization"},"potentialAction":[{"@type":"SearchAction","target":{"@type":"EntryPoint","urlTemplate":"https:\/\/www.domainedeshoms.com\/en\/?s={search_term_string}"},"query-input":{"@type":"PropertyValueSpecification","valueRequired":true,"valueName":"search_term_string"}}],"inLanguage":"en-US"},{"@type":"Organization","@id":"https:\/\/www.domainedeshoms.com\/en\/#organization","name":"Domaine des Homs","url":"https:\/\/www.domainedeshoms.com\/en\/","logo":{"@type":"ImageObject","inLanguage":"en-US","@id":"https:\/\/www.domainedeshoms.com\/en\/#\/schema\/logo\/image\/","url":"https:\/\/www.domainedeshoms.com\/wp-content\/uploads\/2020\/02\/Badge_domaine_des_homs.png","contentUrl":"https:\/\/www.domainedeshoms.com\/wp-content\/uploads\/2020\/02\/Badge_domaine_des_homs.png","width":169,"height":170,"caption":"Domaine des Homs"},"image":{"@id":"https:\/\/www.domainedeshoms.com\/en\/#\/schema\/logo\/image\/"},"sameAs":["https:\/\/www.facebook.com\/DomaineDesHoms\/"]}]}},"_links":{"self":[{"href":"https:\/\/www.domainedeshoms.com\/en\/wp-json\/wp\/v2\/pages\/1244","targetHints":{"allow":["GET"]}}],"collection":[{"href":"https:\/\/www.domainedeshoms.com\/en\/wp-json\/wp\/v2\/pages"}],"about":[{"href":"https:\/\/www.domainedeshoms.com\/en\/wp-json\/wp\/v2\/types\/page"}],"author":[{"embeddable":true,"href":"https:\/\/www.domainedeshoms.com\/en\/wp-json\/wp\/v2\/users\/1"}],"replies":[{"embeddable":true,"href":"https:\/\/www.domainedeshoms.com\/en\/wp-json\/wp\/v2\/comments?post=1244"}],"version-history":[{"count":5,"href":"https:\/\/www.domainedeshoms.com\/en\/wp-json\/wp\/v2\/pages\/1244\/revisions"}],"predecessor-version":[{"id":1787,"href":"https:\/\/www.domainedeshoms.com\/en\/wp-json\/wp\/v2\/pages\/1244\/revisions\/1787"}],"up":[{"embeddable":true,"href":"https:\/\/www.domainedeshoms.com\/en\/wp-json\/wp\/v2\/pages\/1205"}],"wp:attachment":[{"href":"https:\/\/www.domainedeshoms.com\/en\/wp-json\/wp\/v2\/media?parent=1244"}],"curies":[{"name":"wp","href":"https:\/\/api.w.org\/{rel}","templated":true}]}}