{"id":1272,"date":"2020-10-16T18:04:24","date_gmt":"2020-10-16T16:04:24","guid":{"rendered":"https:\/\/www.domainedeshoms.com\/?page_id=1272"},"modified":"2025-10-06T09:38:49","modified_gmt":"2025-10-06T07:38:49","slug":"contact","status":"publish","type":"page","link":"https:\/\/www.domainedeshoms.com\/en\/contact\/","title":{"rendered":"Contact"},"content":{"rendered":"<div class=\"wpb-content-wrapper\"><p>[vc_row type=&#8221;full-width-section&#8221; el_class=&#8221;titleh1white&#8221; css=&#8221;.vc_custom_1599582545285{padding-top: 180px !important;padding-bottom: 180px !important;background-image: url(https:\/\/www.domainedeshoms.com\/wp-content\/uploads\/2020\/09\/bandeau-contact2.jpg?id=1037) !important;}&#8221;][vc_column][vc_column_text]<\/p>\n<h1 style=\"text-align: center;\">CONTACT<\/h1>\n<p>[\/vc_column_text][\/vc_column][\/vc_row][vc_row type=&#8221;full-width-section&#8221; css=&#8221;.vc_custom_1580487719943{padding-top: 50px !important;padding-bottom: 50px !important;background-position: 0 0 !important;background-repeat: no-repeat !important;}&#8221;][vc_column width=&#8221;1\/2&#8243;]<style type=\"text\/css\" >#rd_iy2x10prqxks05x67j59 .wpcf7,#rd_iy2x10prqxks05x67j59 input:not([type=submit]):not([type=checkbox]),#rd_iy2x10prqxks05x67j59 textarea,#rd_iy2x10prqxks05x67j59 .wpcf7 select,#rd_iy2x10prqxks05x67j59 .wpcf7 input[type=\"checkbox\"]:checked{color:#ffffff;}#rd_iy2x10prqxks05x67j59 .wpcf7 input[type=\"checkbox\"]{background:rgba(0,0,0,0); color:rgba(0,0,0,0);}#rd_iy2x10prqxks05x67j59 .wpcf7 input[type=submit]{font-size:16px; font-weight:900; border-radius:3px; padding:15px 15px 16px; border-bottom:3px solid rgba(0,0,0,0.5); letter-spacing: 0.5px; margin-top:13px; width:100%;}#rd_iy2x10prqxks05x67j59 .wpcf7 input[type=submit]:hover {background:#ffffff; color:#b18b4e !important;}#rd_iy2x10prqxks05x67j59 .wpcf7 input:not([type=submit]):not([type=checkbox]),#rd_iy2x10prqxks05x67j59 textarea,#rd_iy2x10prqxks05x67j59 .wpcf7 select{border-radius:0px;}#rd_iy2x10prqxks05x67j59 .wpcf7 input:not([type=submit]),#rd_iy2x10prqxks05x67j59 textarea,#rd_iy2x10prqxks05x67j59 .wpcf7 input[type=submit],#rd_iy2x10prqxks05x67j59 .wpcf7 select{margin-top:3px;}#rd_iy2x10prqxks05x67j59 p{margin-bottom:23px;}#rd_iy2x10prqxks05x67j59 .wpcf7 input:not([type=submit]):not([type=checkbox]),#rd_iy2x10prqxks05x67j59 .wpcf7  textarea,#rd_iy2x10prqxks05x67j59 .wpcf7 select{border:1px solid #ecf0f1; background:#ffffff;}#rd_iy2x10prqxks05x67j59 .wpcf7 input[type=submit]{background:#b18b4e; color:#ffffff !important;}<\/style><div id=\"rd_iy2x10prqxks05x67j59\" class=\"\">\n<div class=\"wpcf7 no-js\" id=\"wpcf7-f1434-o1\" lang=\"fr-FR\" dir=\"ltr\" data-wpcf7-id=\"1434\">\n<div class=\"screen-reader-response\"><p role=\"status\" aria-live=\"polite\" aria-atomic=\"true\"><\/p> <ul><\/ul><\/div>\n<form action=\"\/en\/wp-json\/wp\/v2\/pages\/1272#wpcf7-f1434-o1\" method=\"post\" class=\"wpcf7-form init\" aria-label=\"Formulaire de contact\" novalidate=\"novalidate\" data-status=\"init\">\n<fieldset class=\"hidden-fields-container\"><input type=\"hidden\" name=\"_wpcf7\" value=\"1434\" \/><input type=\"hidden\" name=\"_wpcf7_version\" value=\"6.1.5\" \/><input type=\"hidden\" name=\"_wpcf7_locale\" value=\"fr_FR\" \/><input type=\"hidden\" name=\"_wpcf7_unit_tag\" value=\"wpcf7-f1434-o1\" \/><input type=\"hidden\" name=\"_wpcf7_container_post\" value=\"0\" \/><input type=\"hidden\" name=\"_wpcf7_posted_data_hash\" value=\"\" \/><input type=\"hidden\" name=\"_wpcf7_recaptcha_response\" value=\"\" \/>\n<\/fieldset>\n<p><label> <span class=\"wpcf7-form-control-wrap\" data-name=\"your-name\"><input size=\"40\" maxlength=\"400\" class=\"wpcf7-form-control wpcf7-text wpcf7-validates-as-required\" aria-required=\"true\" aria-invalid=\"false\" placeholder=\"Your name\" value=\"\" type=\"text\" name=\"your-name\" \/><\/span> <\/label>\n<\/p>\n<p><label> <span class=\"wpcf7-form-control-wrap\" data-name=\"your-email\"><input size=\"40\" maxlength=\"400\" class=\"wpcf7-form-control wpcf7-email wpcf7-validates-as-required wpcf7-text wpcf7-validates-as-email\" aria-required=\"true\" aria-invalid=\"false\" placeholder=\"Your email\" value=\"\" type=\"email\" name=\"your-email\" \/><\/span> <\/label>\n<\/p>\n<p><label> <span class=\"wpcf7-form-control-wrap\" data-name=\"your-message\"><textarea cols=\"40\" rows=\"10\" maxlength=\"2000\" class=\"wpcf7-form-control wpcf7-textarea\" aria-invalid=\"false\" placeholder=\"Your message\" name=\"your-message\"><\/textarea><\/span> <\/label>\n<\/p>\n<p><span class=\"wpcf7-form-control-wrap wpgdprc\"><span class=\"wpcf7-form-control wpcf7-wpgdprc wpcf7-validates-as-required\"><span class=\"wpcf7-list-item\"><input type=\"checkbox\" name=\"wpgdprc\" value=\"1\" aria-required=\"true\" aria-invalid=\"false\" \/><span class=\"wpcf7-list-item-label\">En utilisant ce formulaire vous autorisez Domaine des Homs \u00e0 utiliser vos informations pour r\u00e9pondre \u00e0 votre demande. Aucune donn\u00e9e n&#039;est c\u00e9d\u00e9e \u00e0 des tiers.<\/span><\/span><\/span>    <\/span>\n<\/p>\n<p><input class=\"wpcf7-form-control wpcf7-submit has-spinner\" type=\"submit\" value=\"Send message\" \/>\n<\/p><div class=\"wpcf7-response-output\" aria-hidden=\"true\"><\/div>\n<\/form>\n<\/div>\n<\/div>[\/vc_column][vc_column width=&#8221;1\/2&#8243;][vc_row_inner equal_height=&#8221;yes&#8221; el_class=&#8221;grappe&#8221;][vc_column_inner width=&#8221;5\/6&#8243;][vc_column_text css=&#8221;.vc_custom_1602864260240{padding-top: 75px !important;padding-right: 70px !important;padding-bottom: 75px !important;padding-left: 70px !important;background-image: url(https:\/\/www.domainedeshoms.com\/wp-content\/uploads\/2020\/01\/2191.jpg?id=173) !important;background-position: center !important;background-repeat: no-repeat !important;background-size: cover !important;}&#8221; el_class=&#8221;goldtitle&#8221;]<\/p>\n<h2 style=\"text-align: center;\">CONTACT US<\/h2>\n<p class=\"icocontact pin\">Domaine des Homs<br \/>\n11160 Rieux-Minervois<\/p>\n<p class=\"icocontact tel\">Phone : 04 68 78 10 51<\/p>\n<p class=\"icocontact mail\">jm.decrozals@free.fr<\/p>\n<p>&nbsp;<\/p>\n<h3>Export manager<\/h3>\n<p>Fanny Breuil<br \/>\n<a href=\"mailto:fanny@genuinewines.com\">fanny@genuinewines.com<\/a><\/p>\n<p>&nbsp;<\/p>\n<h3>France pro manager<\/h3>\n<p>Pascal Moulinier<br \/>\n<a href=\"mailto:p.moulinier@pjgv.fr\">p.moulinier@pjgv.fr<\/a>[\/vc_column_text][\/vc_column_inner][vc_column_inner width=&#8221;1\/6&#8243;][\/vc_column_inner][\/vc_row_inner][vc_row_inner][vc_column_inner width=&#8221;1\/4&#8243;][vc_single_image image=&#8221;1705&#8243; onclick=&#8221;custom_link&#8221; img_link_target=&#8221;_blank&#8221; link=&#8221;https:\/\/qualite-tourisme-occitanie.fr\/&#8221;][\/vc_column_inner][vc_column_inner width=&#8221;1\/4&#8243;][vc_single_image image=&#8221;1986&#8243; onclick=&#8221;custom_link&#8221; img_link_target=&#8221;_blank&#8221; css=&#8221;&#8221; link=&#8221;https:\/\/qualite-tourisme-occitanie.fr\/&#8221;][\/vc_column_inner][vc_column_inner width=&#8221;1\/4&#8243;][vc_single_image image=&#8221;1820&#8243; onclick=&#8221;custom_link&#8221; img_link_target=&#8221;_blank&#8221; css=&#8221;&#8221; link=&#8221;https:\/\/qualite-tourisme-occitanie.fr\/&#8221;][\/vc_column_inner][vc_column_inner width=&#8221;1\/4&#8243;][\/vc_column_inner][\/vc_row_inner][vc_row_inner][vc_column_inner width=&#8221;1\/2&#8243;][\/vc_column_inner][vc_column_inner width=&#8221;1\/2&#8243;][vc_column_text]<a href=\"https:\/\/www.facebook.com\/DomaineDesHoms\/\"><img decoding=\"async\" class=\"wp-image-896 alignleft\" src=\"https:\/\/www.domainedeshoms.com\/wp-content\/uploads\/2020\/05\/facebook.svg\" alt=\"\" width=\"45\" \/><\/a><a href=\"https:\/\/www.instagram.com\/domainedeshoms\/\"><img decoding=\"async\" class=\"alignleft wp-image-895\" src=\"https:\/\/www.domainedeshoms.com\/wp-content\/uploads\/2020\/05\/instagram.svg\" alt=\"\" width=\"45\" height=\"150\" \/><\/a>[\/vc_column_text][\/vc_column_inner][\/vc_row_inner][\/vc_column][\/vc_row][vc_row][vc_column]\r\n\r\n<script type=\"text\/javascript\">\r\n\r\n\"use strict\";\r\nfunction initializexmoxf() {\r\n\r\nvar latlng = new google.maps.LatLng(43.266265 , 2.607645);\r\n\r\nvar grayStyles = [\r\n        {\r\n          featureType: \"all\",\r\n          stylers: [\r\n            { saturation: -10 },\r\n            { lightness: 10 }\r\n          ]\r\n        },\r\n      ];\r\n\r\nvar optionsxmoxf = {\r\n\r\ncenter : latlng,\r\n\r\nscrollwheel :  false,\r\n\r\n\r\nmapTypeId: google.maps.MapTypeId.ROADMAP,\r\n\r\nzoomControl : true,\r\n\r\nstyles: grayStyles,\r\n\r\nzoomControlOptions :\r\n\r\n{\r\n\r\nstyle: google.maps.ZoomControlStyle.SMALL,\r\n\r\nposition: google.maps.ControlPosition.TOP_LEFT\r\n\r\n},\r\n\r\nmapTypeControl : true,\r\n\r\nmapTypeControlOptions :\r\n\r\n{\r\n\r\nstyle: google.maps.MapTypeControlStyle.HORIZONTAL_BAR,\r\n\r\nposition: google.maps.ControlPosition.TOP_RIGHT\r\n\r\n},\r\n\r\nscaleControl : true,\r\n\r\nscaleControlOptions :\r\n\r\n{\r\n\r\nposition: google.maps.ControlPosition.TOP_LEFT\r\n\r\n},\r\n\r\nstreetViewControl : true,\r\n\r\nstreetViewControlOptions :\r\n\r\n{\r\n\r\nposition: google.maps.ControlPosition.TOP_LEFT\r\n\r\n},\r\n\r\npanControl : false,  zoom : 12\r\n\r\n};\r\n\r\nvar mapxmoxf = new google.maps.Map(document.getElementById(\"gm_xmoxf\"), optionsxmoxf);\r\n\r\nvar marker = new google.maps.Marker({\r\n\r\nposition: latlng,\r\n\r\n\r\nmap: mapxmoxf,\r\n\r\ntitle:\"our headquarters\"\r\n\r\n});\r\n\r\n}\r\n\r\njQuery(document).ready(function () {\r\n   initializexmoxf();\r\n\r\n    jQuery(\".tabs-wrapper ul.tabs li\").click(function (e) {\r\n\tsetTimeout(function(){\r\n\tgoogle.maps.event.trigger(window, 'resize', {});},400);\r\n\t});\r\n\r\n    jQuery(\".tabs-wrapper ul.tabs li a\").click(function (e) {\r\n\tsetTimeout(function(){\r\n\tgoogle.maps.event.trigger(window, 'resize', {});},400);\r\n\t});\r\n\r\n\r\n\tjQuery('.wpb_accordion_section h3 > a').click(function(){\r\n\tsetTimeout(function(){\r\n\tgoogle.maps.event.trigger(window, 'resize', {});},400);\r\n\t});\r\n\r\n\r\n\r\n})\r\n<\/script>\r\n<div class=\"map_canvas_body\">\r\n<div id=\"gm_xmoxf\" class=\"map_canvas\" style=\"height:400px;\"><\/div>\r\n<\/div>\r\n\r\n[\/vc_column][\/vc_row][vc_row][vc_column][vc_single_image image=&#8221;1129&#8243; img_size=&#8221;full&#8221; alignment=&#8221;center&#8221;][\/vc_column][\/vc_row]<\/p>\n<\/div>","protected":false},"excerpt":{"rendered":"<p>[vc_row type=&#8221;full-width-section&#8221; el_class=&#8221;titleh1white&#8221; css=&#8221;.vc_custom_1599582545285{padding-top: 180px !important;padding-bottom: 180px !important;background-image: url(https:\/\/www.domainedeshoms.com\/wp-content\/uploads\/2020\/09\/bandeau-contact2.jpg?id=1037) !important;}&#8221;][vc_column][vc_column_text] CONTACT [\/vc_column_text][\/vc_column][\/vc_row][vc_row type=&#8221;full-width-section&#8221; css=&#8221;.vc_custom_1580487719943{padding-top: 50px !important;padding-bottom: 50px !important;background-position: 0 0 !important;background-repeat: no-repeat !important;}&#8221;][vc_column width=&#8221;1\/2&#8243;] En utilisant ce formulaire vous autorisez Domaine des Homs \u00e0 utiliser vos informations pour r\u00e9pondre \u00e0 votre demande. Aucune donn\u00e9e n&#039;est c\u00e9d\u00e9e \u00e0 des tiers. [\/vc_column][vc_column width=&#8221;1\/2&#8243;][vc_row_inner equal_height=&#8221;yes&#8221; el_class=&#8221;grappe&#8221;][vc_column_inner width=&#8221;5\/6&#8243;][vc_column_text css=&#8221;.vc_custom_1602864260240{padding-top:<br \/><a href=\"https:\/\/www.domainedeshoms.com\/en\/contact\/\" class=\"more\">Read more<\/a><\/p>\n","protected":false},"author":1,"featured_media":0,"parent":0,"menu_order":0,"comment_status":"closed","ping_status":"closed","template":"","meta":{"inline_featured_image":false,"footnotes":""},"class_list":["post-1272","page","type-page","status-publish","hentry"],"yoast_head":"<!-- This site is optimized with the Yoast SEO plugin v27.6 - https:\/\/yoast.com\/product\/yoast-seo-wordpress\/ -->\n<title>Contact - Domaine des Homs<\/title>\n<meta name=\"description\" content=\"CONTACT CONTACT US Domaine des Homs 11160 Rieux-Minervois Phone : 04 68 78 10 51 jm.decrozals@free.fr &nbsp; Export manager Fanny Breuil Contact, Vins du Minervois Bio, Domaine des Homs\" \/>\n<meta name=\"robots\" content=\"index, follow, max-snippet:-1, max-image-preview:large, max-video-preview:-1\" \/>\n<link rel=\"canonical\" href=\"https:\/\/www.domainedeshoms.com\/en\/contact\/\" \/>\n<meta property=\"og:locale\" content=\"en_US\" \/>\n<meta property=\"og:type\" content=\"article\" \/>\n<meta property=\"og:title\" content=\"Contact - Domaine des Homs\" \/>\n<meta property=\"og:description\" content=\"CONTACT CONTACT US Domaine des Homs 11160 Rieux-Minervois Phone : 04 68 78 10 51 jm.decrozals@free.fr &nbsp; Export manager Fanny Breuil Contact, Vins du Minervois Bio, Domaine des Homs\" \/>\n<meta property=\"og:url\" content=\"https:\/\/www.domainedeshoms.com\/en\/contact\/\" \/>\n<meta property=\"og:site_name\" content=\"Domaine des Homs\" \/>\n<meta property=\"article:publisher\" content=\"https:\/\/www.facebook.com\/DomaineDesHoms\/\" \/>\n<meta property=\"article:modified_time\" content=\"2025-10-06T07:38:49+00:00\" \/>\n<meta property=\"og:image\" content=\"https:\/\/www.domainedeshoms.com\/wp-content\/uploads\/2020\/05\/facebook.svg\" \/>\n<meta name=\"twitter:card\" content=\"summary_large_image\" \/>\n<meta name=\"twitter:label1\" content=\"Est. reading time\" \/>\n\t<meta name=\"twitter:data1\" content=\"1 minute\" \/>\n<script type=\"application\/ld+json\" class=\"yoast-schema-graph\">{\"@context\":\"https:\\\/\\\/schema.org\",\"@graph\":[{\"@type\":\"WebPage\",\"@id\":\"https:\\\/\\\/www.domainedeshoms.com\\\/en\\\/contact\\\/\",\"url\":\"https:\\\/\\\/www.domainedeshoms.com\\\/en\\\/contact\\\/\",\"name\":\"Contact - Domaine des Homs\",\"isPartOf\":{\"@id\":\"https:\\\/\\\/www.domainedeshoms.com\\\/en\\\/#website\"},\"primaryImageOfPage\":{\"@id\":\"https:\\\/\\\/www.domainedeshoms.com\\\/en\\\/contact\\\/#primaryimage\"},\"image\":{\"@id\":\"https:\\\/\\\/www.domainedeshoms.com\\\/en\\\/contact\\\/#primaryimage\"},\"thumbnailUrl\":\"https:\\\/\\\/www.domainedeshoms.com\\\/wp-content\\\/uploads\\\/2020\\\/05\\\/facebook.svg\",\"datePublished\":\"2020-10-16T16:04:24+00:00\",\"dateModified\":\"2025-10-06T07:38:49+00:00\",\"description\":\"CONTACT CONTACT US Domaine des Homs 11160 Rieux-Minervois Phone : 04 68 78 10 51 jm.decrozals@free.fr &nbsp; Export manager Fanny Breuil Contact, Vins du Minervois Bio, Domaine des Homs\",\"breadcrumb\":{\"@id\":\"https:\\\/\\\/www.domainedeshoms.com\\\/en\\\/contact\\\/#breadcrumb\"},\"inLanguage\":\"en-US\",\"potentialAction\":[{\"@type\":\"ReadAction\",\"target\":[\"https:\\\/\\\/www.domainedeshoms.com\\\/en\\\/contact\\\/\"]}]},{\"@type\":\"ImageObject\",\"inLanguage\":\"en-US\",\"@id\":\"https:\\\/\\\/www.domainedeshoms.com\\\/en\\\/contact\\\/#primaryimage\",\"url\":\"https:\\\/\\\/www.domainedeshoms.com\\\/wp-content\\\/uploads\\\/2020\\\/05\\\/facebook.svg\",\"contentUrl\":\"https:\\\/\\\/www.domainedeshoms.com\\\/wp-content\\\/uploads\\\/2020\\\/05\\\/facebook.svg\"},{\"@type\":\"BreadcrumbList\",\"@id\":\"https:\\\/\\\/www.domainedeshoms.com\\\/en\\\/contact\\\/#breadcrumb\",\"itemListElement\":[{\"@type\":\"ListItem\",\"position\":1,\"name\":\"Accueil\",\"item\":\"https:\\\/\\\/www.domainedeshoms.com\\\/en\\\/\"},{\"@type\":\"ListItem\",\"position\":2,\"name\":\"Contact\"}]},{\"@type\":\"WebSite\",\"@id\":\"https:\\\/\\\/www.domainedeshoms.com\\\/en\\\/#website\",\"url\":\"https:\\\/\\\/www.domainedeshoms.com\\\/en\\\/\",\"name\":\"Domaine des Homs\",\"description\":\"Vins du Minervois Bio\",\"publisher\":{\"@id\":\"https:\\\/\\\/www.domainedeshoms.com\\\/en\\\/#organization\"},\"potentialAction\":[{\"@type\":\"SearchAction\",\"target\":{\"@type\":\"EntryPoint\",\"urlTemplate\":\"https:\\\/\\\/www.domainedeshoms.com\\\/en\\\/?s={search_term_string}\"},\"query-input\":{\"@type\":\"PropertyValueSpecification\",\"valueRequired\":true,\"valueName\":\"search_term_string\"}}],\"inLanguage\":\"en-US\"},{\"@type\":\"Organization\",\"@id\":\"https:\\\/\\\/www.domainedeshoms.com\\\/en\\\/#organization\",\"name\":\"Domaine des Homs\",\"url\":\"https:\\\/\\\/www.domainedeshoms.com\\\/en\\\/\",\"logo\":{\"@type\":\"ImageObject\",\"inLanguage\":\"en-US\",\"@id\":\"https:\\\/\\\/www.domainedeshoms.com\\\/en\\\/#\\\/schema\\\/logo\\\/image\\\/\",\"url\":\"https:\\\/\\\/www.domainedeshoms.com\\\/wp-content\\\/uploads\\\/2020\\\/02\\\/Badge_domaine_des_homs.png\",\"contentUrl\":\"https:\\\/\\\/www.domainedeshoms.com\\\/wp-content\\\/uploads\\\/2020\\\/02\\\/Badge_domaine_des_homs.png\",\"width\":169,\"height\":170,\"caption\":\"Domaine des Homs\"},\"image\":{\"@id\":\"https:\\\/\\\/www.domainedeshoms.com\\\/en\\\/#\\\/schema\\\/logo\\\/image\\\/\"},\"sameAs\":[\"https:\\\/\\\/www.facebook.com\\\/DomaineDesHoms\\\/\"]}]}<\/script>\n<!-- \/ Yoast SEO plugin. -->","yoast_head_json":{"title":"Contact - Domaine des Homs","description":"CONTACT CONTACT US Domaine des Homs 11160 Rieux-Minervois Phone : 04 68 78 10 51 jm.decrozals@free.fr &nbsp; Export manager Fanny Breuil Contact, Vins du Minervois Bio, Domaine des Homs","robots":{"index":"index","follow":"follow","max-snippet":"max-snippet:-1","max-image-preview":"max-image-preview:large","max-video-preview":"max-video-preview:-1"},"canonical":"https:\/\/www.domainedeshoms.com\/en\/contact\/","og_locale":"en_US","og_type":"article","og_title":"Contact - Domaine des Homs","og_description":"CONTACT CONTACT US Domaine des Homs 11160 Rieux-Minervois Phone : 04 68 78 10 51 jm.decrozals@free.fr &nbsp; Export manager Fanny Breuil Contact, Vins du Minervois Bio, Domaine des Homs","og_url":"https:\/\/www.domainedeshoms.com\/en\/contact\/","og_site_name":"Domaine des Homs","article_publisher":"https:\/\/www.facebook.com\/DomaineDesHoms\/","article_modified_time":"2025-10-06T07:38:49+00:00","og_image":[{"url":"https:\/\/www.domainedeshoms.com\/wp-content\/uploads\/2020\/05\/facebook.svg","type":"","width":"","height":""}],"twitter_card":"summary_large_image","twitter_misc":{"Est. reading time":"1 minute"},"schema":{"@context":"https:\/\/schema.org","@graph":[{"@type":"WebPage","@id":"https:\/\/www.domainedeshoms.com\/en\/contact\/","url":"https:\/\/www.domainedeshoms.com\/en\/contact\/","name":"Contact - Domaine des Homs","isPartOf":{"@id":"https:\/\/www.domainedeshoms.com\/en\/#website"},"primaryImageOfPage":{"@id":"https:\/\/www.domainedeshoms.com\/en\/contact\/#primaryimage"},"image":{"@id":"https:\/\/www.domainedeshoms.com\/en\/contact\/#primaryimage"},"thumbnailUrl":"https:\/\/www.domainedeshoms.com\/wp-content\/uploads\/2020\/05\/facebook.svg","datePublished":"2020-10-16T16:04:24+00:00","dateModified":"2025-10-06T07:38:49+00:00","description":"CONTACT CONTACT US Domaine des Homs 11160 Rieux-Minervois Phone : 04 68 78 10 51 jm.decrozals@free.fr &nbsp; Export manager Fanny Breuil Contact, Vins du Minervois Bio, Domaine des Homs","breadcrumb":{"@id":"https:\/\/www.domainedeshoms.com\/en\/contact\/#breadcrumb"},"inLanguage":"en-US","potentialAction":[{"@type":"ReadAction","target":["https:\/\/www.domainedeshoms.com\/en\/contact\/"]}]},{"@type":"ImageObject","inLanguage":"en-US","@id":"https:\/\/www.domainedeshoms.com\/en\/contact\/#primaryimage","url":"https:\/\/www.domainedeshoms.com\/wp-content\/uploads\/2020\/05\/facebook.svg","contentUrl":"https:\/\/www.domainedeshoms.com\/wp-content\/uploads\/2020\/05\/facebook.svg"},{"@type":"BreadcrumbList","@id":"https:\/\/www.domainedeshoms.com\/en\/contact\/#breadcrumb","itemListElement":[{"@type":"ListItem","position":1,"name":"Accueil","item":"https:\/\/www.domainedeshoms.com\/en\/"},{"@type":"ListItem","position":2,"name":"Contact"}]},{"@type":"WebSite","@id":"https:\/\/www.domainedeshoms.com\/en\/#website","url":"https:\/\/www.domainedeshoms.com\/en\/","name":"Domaine des Homs","description":"Vins du Minervois Bio","publisher":{"@id":"https:\/\/www.domainedeshoms.com\/en\/#organization"},"potentialAction":[{"@type":"SearchAction","target":{"@type":"EntryPoint","urlTemplate":"https:\/\/www.domainedeshoms.com\/en\/?s={search_term_string}"},"query-input":{"@type":"PropertyValueSpecification","valueRequired":true,"valueName":"search_term_string"}}],"inLanguage":"en-US"},{"@type":"Organization","@id":"https:\/\/www.domainedeshoms.com\/en\/#organization","name":"Domaine des Homs","url":"https:\/\/www.domainedeshoms.com\/en\/","logo":{"@type":"ImageObject","inLanguage":"en-US","@id":"https:\/\/www.domainedeshoms.com\/en\/#\/schema\/logo\/image\/","url":"https:\/\/www.domainedeshoms.com\/wp-content\/uploads\/2020\/02\/Badge_domaine_des_homs.png","contentUrl":"https:\/\/www.domainedeshoms.com\/wp-content\/uploads\/2020\/02\/Badge_domaine_des_homs.png","width":169,"height":170,"caption":"Domaine des Homs"},"image":{"@id":"https:\/\/www.domainedeshoms.com\/en\/#\/schema\/logo\/image\/"},"sameAs":["https:\/\/www.facebook.com\/DomaineDesHoms\/"]}]}},"_links":{"self":[{"href":"https:\/\/www.domainedeshoms.com\/en\/wp-json\/wp\/v2\/pages\/1272","targetHints":{"allow":["GET"]}}],"collection":[{"href":"https:\/\/www.domainedeshoms.com\/en\/wp-json\/wp\/v2\/pages"}],"about":[{"href":"https:\/\/www.domainedeshoms.com\/en\/wp-json\/wp\/v2\/types\/page"}],"author":[{"embeddable":true,"href":"https:\/\/www.domainedeshoms.com\/en\/wp-json\/wp\/v2\/users\/1"}],"replies":[{"embeddable":true,"href":"https:\/\/www.domainedeshoms.com\/en\/wp-json\/wp\/v2\/comments?post=1272"}],"version-history":[{"count":8,"href":"https:\/\/www.domainedeshoms.com\/en\/wp-json\/wp\/v2\/pages\/1272\/revisions"}],"predecessor-version":[{"id":1999,"href":"https:\/\/www.domainedeshoms.com\/en\/wp-json\/wp\/v2\/pages\/1272\/revisions\/1999"}],"wp:attachment":[{"href":"https:\/\/www.domainedeshoms.com\/en\/wp-json\/wp\/v2\/media?parent=1272"}],"curies":[{"name":"wp","href":"https:\/\/api.w.org\/{rel}","templated":true}]}}