{"id":1356,"date":"2020-10-16T18:31:32","date_gmt":"2020-10-16T16:31:32","guid":{"rendered":"https:\/\/www.domainedeshoms.com\/?page_id=1356"},"modified":"2026-01-05T10:46:41","modified_gmt":"2026-01-05T09:46:41","slug":"privacy-policies","status":"publish","type":"page","link":"https:\/\/www.domainedeshoms.com\/en\/privacy-policies\/","title":{"rendered":"Privacy policies"},"content":{"rendered":"<div class=\"wpb-content-wrapper\"><p>[vc_row css=&#8221;.vc_custom_1586440279317{padding-top: 20px !important;padding-bottom: 20px !important;}&#8221;][vc_column][vc_column_text css=&#8221;&#8221;]<\/p>\n<div class=\"wpb_column vc_column_container vc_col-sm-6\">\n<div class=\"vc_column-inner\">\n<div class=\"wpb_wrapper\">\n<div class=\"wpb_text_column wpb_content_element \">\n<div class=\"wpb_wrapper\">\n<h2>Owner and editor<\/h2>\n<p>Jean-Marc DE CROZALS<\/p>\n<p>Domaine Des Homs<br \/>\nHameau des Homs<br \/>\n11160 Rieux-Minervois<br \/>\nFRANCE<\/p>\n<p>T\u00e9l: +33 (0)4 68 78 10 51<\/p>\n<p>SIRET : 43227723400014<\/p>\n<h2>Production<\/h2>\n<p>SARL R\u00e9sonance communication<br \/>\n23 rue de Verdun<br \/>\n11000 Carcassonne<\/p>\n<p>T\u00e9l. : 04 68 76 00 31<\/p>\n<p>Site internet :\u00a0<a href=\"http:\/\/www.resonancecommunication.com\/\" target=\"_blank\" rel=\"noopener noreferrer\">R\u00e9sonance Communication<\/a><\/p>\n<h2>Host<\/h2>\n<p>H\u00e9bergeur : OVH \u2013 RCS : Tourcoing 424 761 419 00011<br \/>\nAdresse h\u00e9bergeur : 140 quai du Sartel , 59100 Roubaix, France<\/p>\n<h2><\/h2>\n<\/div>\n<\/div>\n<\/div>\n<\/div>\n<\/div>\n<div class=\"wpb_column vc_column_container vc_col-sm-6\">\n<div class=\"vc_column-inner\">\n<div class=\"wpb_wrapper\">\n<div class=\"wpb_text_column wpb_content_element \">\n<div class=\"wpb_wrapper\">\n<h2>Photo credits<\/h2>\n<p>Domaine des Homs &#8211; Prises de vues et traitement Gilles Matheron &#8211; tous droits r\u00e9serv\u00e9s<\/p>\n<h2>Comments, remarks and suggestions<\/h2>\n<p>Domaine des Homs does not guarantee that this site is free from defects, errors or omissions. The information contained therein is intended to provide you with general and as up-to-date information as possible on the topics covered. Domaine des Homs can in no way be held responsible for any faults, errors or omissions in this site, or for the use and interpretation of the information it contains.<\/p>\n<p>This legal reserve clause is not intended to limit the liability of Domaine des Homs in a manner contrary to applicable national law or to exclude it in cases where it may be incurred under said law.<\/p>\n<p>In accordance with the law of January 6, 1978 relating to computers, files and freedoms, for any collection of private information via the form on this site, you have the right to access, modify, rectify and deletion of data concerning you.<\/p>\n<p>To exercise this right, contact the Domaine des Homs Hameau des Homs 11160 Rieux-Minervois FRANCE<\/p>\n<\/div>\n<\/div>\n<\/div>\n<\/div>\n<\/div>\n<p>[\/vc_column_text][\/vc_column][\/vc_row]<\/p>\n<\/div>","protected":false},"excerpt":{"rendered":"<p>[vc_row css=&#8221;.vc_custom_1586440279317{padding-top: 20px !important;padding-bottom: 20px !important;}&#8221;][vc_column][vc_column_text css=&#8221;&#8221;] Owner and editor Jean-Marc DE CROZALS Domaine Des Homs Hameau des Homs 11160 Rieux-Minervois FRANCE T\u00e9l: +33 (0)4 68 78 10 51 SIRET : 43227723400014 Production SARL R\u00e9sonance communication 23 rue de Verdun 11000 Carcassonne T\u00e9l. : 04 68 76 00 31 Site internet :\u00a0R\u00e9sonance Communication Host H\u00e9bergeur<br \/><a href=\"https:\/\/www.domainedeshoms.com\/en\/privacy-policies\/\" class=\"more\">Read more<\/a><\/p>\n","protected":false},"author":1,"featured_media":0,"parent":0,"menu_order":0,"comment_status":"closed","ping_status":"closed","template":"","meta":{"inline_featured_image":false,"footnotes":""},"class_list":["post-1356","page","type-page","status-publish","hentry"],"yoast_head":"<!-- This site is optimized with the Yoast SEO plugin v27.4 - https:\/\/yoast.com\/product\/yoast-seo-wordpress\/ -->\n<title>Privacy policies - Domaine des Homs<\/title>\n<meta name=\"description\" content=\"Owner and editor Jean-Marc DE CROZALS Domaine Des Homs Hameau des Homs 11160 Rieux-Minervois FRANCE T\u00e9l: +33 (0)4 68 78 10 51 SIRET : 43227723400014 Privacy policies, Vins du Minervois Bio, Domaine des Homs\" \/>\n<meta name=\"robots\" content=\"index, follow, max-snippet:-1, max-image-preview:large, max-video-preview:-1\" \/>\n<link rel=\"canonical\" href=\"https:\/\/www.domainedeshoms.com\/en\/privacy-policies\/\" \/>\n<meta property=\"og:locale\" content=\"en_US\" \/>\n<meta property=\"og:type\" content=\"article\" \/>\n<meta property=\"og:title\" content=\"Privacy policies - Domaine des Homs\" \/>\n<meta property=\"og:description\" content=\"Owner and editor Jean-Marc DE CROZALS Domaine Des Homs Hameau des Homs 11160 Rieux-Minervois FRANCE T\u00e9l: +33 (0)4 68 78 10 51 SIRET : 43227723400014 Privacy policies, Vins du Minervois Bio, Domaine des Homs\" \/>\n<meta property=\"og:url\" content=\"https:\/\/www.domainedeshoms.com\/en\/privacy-policies\/\" \/>\n<meta property=\"og:site_name\" content=\"Domaine des Homs\" \/>\n<meta property=\"article:publisher\" content=\"https:\/\/www.facebook.com\/DomaineDesHoms\/\" \/>\n<meta property=\"article:modified_time\" content=\"2026-01-05T09:46:41+00:00\" \/>\n<meta property=\"og:image\" content=\"https:\/\/www.domainedeshoms.com\/wp-content\/uploads\/2020\/02\/Badge_domaine_des_homs.png\" \/>\n\t<meta property=\"og:image:width\" content=\"169\" \/>\n\t<meta property=\"og:image:height\" content=\"170\" \/>\n\t<meta property=\"og:image:type\" content=\"image\/png\" \/>\n<meta name=\"twitter:card\" content=\"summary_large_image\" \/>\n<meta name=\"twitter:label1\" content=\"Est. reading time\" \/>\n\t<meta name=\"twitter:data1\" content=\"2 minutes\" \/>\n<script type=\"application\/ld+json\" class=\"yoast-schema-graph\">{\"@context\":\"https:\\\/\\\/schema.org\",\"@graph\":[{\"@type\":\"WebPage\",\"@id\":\"https:\\\/\\\/www.domainedeshoms.com\\\/en\\\/privacy-policies\\\/\",\"url\":\"https:\\\/\\\/www.domainedeshoms.com\\\/en\\\/privacy-policies\\\/\",\"name\":\"Privacy policies - Domaine des Homs\",\"isPartOf\":{\"@id\":\"https:\\\/\\\/www.domainedeshoms.com\\\/en\\\/#website\"},\"datePublished\":\"2020-10-16T16:31:32+00:00\",\"dateModified\":\"2026-01-05T09:46:41+00:00\",\"description\":\"Owner and editor Jean-Marc DE CROZALS Domaine Des Homs Hameau des Homs 11160 Rieux-Minervois FRANCE T\u00e9l: +33 (0)4 68 78 10 51 SIRET : 43227723400014 Privacy policies, Vins du Minervois Bio, Domaine des Homs\",\"breadcrumb\":{\"@id\":\"https:\\\/\\\/www.domainedeshoms.com\\\/en\\\/privacy-policies\\\/#breadcrumb\"},\"inLanguage\":\"en-US\",\"potentialAction\":[{\"@type\":\"ReadAction\",\"target\":[\"https:\\\/\\\/www.domainedeshoms.com\\\/en\\\/privacy-policies\\\/\"]}]},{\"@type\":\"BreadcrumbList\",\"@id\":\"https:\\\/\\\/www.domainedeshoms.com\\\/en\\\/privacy-policies\\\/#breadcrumb\",\"itemListElement\":[{\"@type\":\"ListItem\",\"position\":1,\"name\":\"Accueil\",\"item\":\"https:\\\/\\\/www.domainedeshoms.com\\\/en\\\/\"},{\"@type\":\"ListItem\",\"position\":2,\"name\":\"Privacy policies\"}]},{\"@type\":\"WebSite\",\"@id\":\"https:\\\/\\\/www.domainedeshoms.com\\\/en\\\/#website\",\"url\":\"https:\\\/\\\/www.domainedeshoms.com\\\/en\\\/\",\"name\":\"Domaine des Homs\",\"description\":\"Vins du Minervois Bio\",\"publisher\":{\"@id\":\"https:\\\/\\\/www.domainedeshoms.com\\\/en\\\/#organization\"},\"potentialAction\":[{\"@type\":\"SearchAction\",\"target\":{\"@type\":\"EntryPoint\",\"urlTemplate\":\"https:\\\/\\\/www.domainedeshoms.com\\\/en\\\/?s={search_term_string}\"},\"query-input\":{\"@type\":\"PropertyValueSpecification\",\"valueRequired\":true,\"valueName\":\"search_term_string\"}}],\"inLanguage\":\"en-US\"},{\"@type\":\"Organization\",\"@id\":\"https:\\\/\\\/www.domainedeshoms.com\\\/en\\\/#organization\",\"name\":\"Domaine des Homs\",\"url\":\"https:\\\/\\\/www.domainedeshoms.com\\\/en\\\/\",\"logo\":{\"@type\":\"ImageObject\",\"inLanguage\":\"en-US\",\"@id\":\"https:\\\/\\\/www.domainedeshoms.com\\\/en\\\/#\\\/schema\\\/logo\\\/image\\\/\",\"url\":\"https:\\\/\\\/www.domainedeshoms.com\\\/wp-content\\\/uploads\\\/2020\\\/02\\\/Badge_domaine_des_homs.png\",\"contentUrl\":\"https:\\\/\\\/www.domainedeshoms.com\\\/wp-content\\\/uploads\\\/2020\\\/02\\\/Badge_domaine_des_homs.png\",\"width\":169,\"height\":170,\"caption\":\"Domaine des Homs\"},\"image\":{\"@id\":\"https:\\\/\\\/www.domainedeshoms.com\\\/en\\\/#\\\/schema\\\/logo\\\/image\\\/\"},\"sameAs\":[\"https:\\\/\\\/www.facebook.com\\\/DomaineDesHoms\\\/\"]}]}<\/script>\n<!-- \/ Yoast SEO plugin. -->","yoast_head_json":{"title":"Privacy policies - Domaine des Homs","description":"Owner and editor Jean-Marc DE CROZALS Domaine Des Homs Hameau des Homs 11160 Rieux-Minervois FRANCE T\u00e9l: +33 (0)4 68 78 10 51 SIRET : 43227723400014 Privacy policies, Vins du Minervois Bio, Domaine des Homs","robots":{"index":"index","follow":"follow","max-snippet":"max-snippet:-1","max-image-preview":"max-image-preview:large","max-video-preview":"max-video-preview:-1"},"canonical":"https:\/\/www.domainedeshoms.com\/en\/privacy-policies\/","og_locale":"en_US","og_type":"article","og_title":"Privacy policies - Domaine des Homs","og_description":"Owner and editor Jean-Marc DE CROZALS Domaine Des Homs Hameau des Homs 11160 Rieux-Minervois FRANCE T\u00e9l: +33 (0)4 68 78 10 51 SIRET : 43227723400014 Privacy policies, Vins du Minervois Bio, Domaine des Homs","og_url":"https:\/\/www.domainedeshoms.com\/en\/privacy-policies\/","og_site_name":"Domaine des Homs","article_publisher":"https:\/\/www.facebook.com\/DomaineDesHoms\/","article_modified_time":"2026-01-05T09:46:41+00:00","og_image":[{"width":169,"height":170,"url":"https:\/\/www.domainedeshoms.com\/wp-content\/uploads\/2020\/02\/Badge_domaine_des_homs.png","type":"image\/png"}],"twitter_card":"summary_large_image","twitter_misc":{"Est. reading time":"2 minutes"},"schema":{"@context":"https:\/\/schema.org","@graph":[{"@type":"WebPage","@id":"https:\/\/www.domainedeshoms.com\/en\/privacy-policies\/","url":"https:\/\/www.domainedeshoms.com\/en\/privacy-policies\/","name":"Privacy policies - Domaine des Homs","isPartOf":{"@id":"https:\/\/www.domainedeshoms.com\/en\/#website"},"datePublished":"2020-10-16T16:31:32+00:00","dateModified":"2026-01-05T09:46:41+00:00","description":"Owner and editor Jean-Marc DE CROZALS Domaine Des Homs Hameau des Homs 11160 Rieux-Minervois FRANCE T\u00e9l: +33 (0)4 68 78 10 51 SIRET : 43227723400014 Privacy policies, Vins du Minervois Bio, Domaine des Homs","breadcrumb":{"@id":"https:\/\/www.domainedeshoms.com\/en\/privacy-policies\/#breadcrumb"},"inLanguage":"en-US","potentialAction":[{"@type":"ReadAction","target":["https:\/\/www.domainedeshoms.com\/en\/privacy-policies\/"]}]},{"@type":"BreadcrumbList","@id":"https:\/\/www.domainedeshoms.com\/en\/privacy-policies\/#breadcrumb","itemListElement":[{"@type":"ListItem","position":1,"name":"Accueil","item":"https:\/\/www.domainedeshoms.com\/en\/"},{"@type":"ListItem","position":2,"name":"Privacy policies"}]},{"@type":"WebSite","@id":"https:\/\/www.domainedeshoms.com\/en\/#website","url":"https:\/\/www.domainedeshoms.com\/en\/","name":"Domaine des Homs","description":"Vins du Minervois Bio","publisher":{"@id":"https:\/\/www.domainedeshoms.com\/en\/#organization"},"potentialAction":[{"@type":"SearchAction","target":{"@type":"EntryPoint","urlTemplate":"https:\/\/www.domainedeshoms.com\/en\/?s={search_term_string}"},"query-input":{"@type":"PropertyValueSpecification","valueRequired":true,"valueName":"search_term_string"}}],"inLanguage":"en-US"},{"@type":"Organization","@id":"https:\/\/www.domainedeshoms.com\/en\/#organization","name":"Domaine des Homs","url":"https:\/\/www.domainedeshoms.com\/en\/","logo":{"@type":"ImageObject","inLanguage":"en-US","@id":"https:\/\/www.domainedeshoms.com\/en\/#\/schema\/logo\/image\/","url":"https:\/\/www.domainedeshoms.com\/wp-content\/uploads\/2020\/02\/Badge_domaine_des_homs.png","contentUrl":"https:\/\/www.domainedeshoms.com\/wp-content\/uploads\/2020\/02\/Badge_domaine_des_homs.png","width":169,"height":170,"caption":"Domaine des Homs"},"image":{"@id":"https:\/\/www.domainedeshoms.com\/en\/#\/schema\/logo\/image\/"},"sameAs":["https:\/\/www.facebook.com\/DomaineDesHoms\/"]}]}},"_links":{"self":[{"href":"https:\/\/www.domainedeshoms.com\/en\/wp-json\/wp\/v2\/pages\/1356","targetHints":{"allow":["GET"]}}],"collection":[{"href":"https:\/\/www.domainedeshoms.com\/en\/wp-json\/wp\/v2\/pages"}],"about":[{"href":"https:\/\/www.domainedeshoms.com\/en\/wp-json\/wp\/v2\/types\/page"}],"author":[{"embeddable":true,"href":"https:\/\/www.domainedeshoms.com\/en\/wp-json\/wp\/v2\/users\/1"}],"replies":[{"embeddable":true,"href":"https:\/\/www.domainedeshoms.com\/en\/wp-json\/wp\/v2\/comments?post=1356"}],"version-history":[{"count":3,"href":"https:\/\/www.domainedeshoms.com\/en\/wp-json\/wp\/v2\/pages\/1356\/revisions"}],"predecessor-version":[{"id":2007,"href":"https:\/\/www.domainedeshoms.com\/en\/wp-json\/wp\/v2\/pages\/1356\/revisions\/2007"}],"wp:attachment":[{"href":"https:\/\/www.domainedeshoms.com\/en\/wp-json\/wp\/v2\/media?parent=1356"}],"curies":[{"name":"wp","href":"https:\/\/api.w.org\/{rel}","templated":true}]}}